{"id":1975,"date":"2017-03-17T17:00:41","date_gmt":"2017-03-17T21:00:41","guid":{"rendered":"https:\/\/greylarsen.com\/shop\/?post_type=product&#038;p=1975"},"modified":"2026-01-05T11:08:40","modified_gmt":"2026-01-05T16:08:40","slug":"the-essential-guide-to-irish-flute-and-tin-whistle","status":"publish","type":"product","link":"https:\/\/greylarsen.com\/shop\/product\/the-essential-guide-to-irish-flute-and-tin-whistle\/","title":{"rendered":"The Essential Guide to Irish Flute and Tin Whistle &#8211; Physical Book"},"content":{"rendered":"<p><span style=\"color: #333333;\">This is a book for the beginner to the highly advanced player of Irish flute, tin whistle, or Boehm-system (modern) flute. It features a simple and penetrating new approach to understanding and notating ornamentation that goes beyond any previous method, exploring ornamentation techniques never described in print before. It also includes adaptations for Boehm-system flute players, guidance on breathing and phrasing, 49 ornamentation exercises, history and theory of traditional Irish flute and whistle music, and 27 meticulous transcriptions of recordings (1926-2001) by these important Irish flute and tin whistle players: John McKenna, Tom Morrison, William Cummins, S\u00e9amus Ennis, Willie Clancy, Paddy Taylor, Paddy Carty, Grey Larsen, Josie McDermott, Matt Molloy, Cathal McConnell, Mary Bergin, Donncha \u00d3 Briain (Denis O&#8217;Brien), Desi Wilkinson, Breda Smyth, Se\u00e1n Ryan, Conal \u00d3 Gr\u00e1da, Micho Russel, Joanie Madden, Kevin Crawford, Catherine McEvoy, and Seamus Egan.<\/span><\/p>\n<p><span style=\"color: #333333;\"><em>We are happy to report that well over 12,000 copies of this have now been sold.<\/em> It has been translated into Chinese and Russian.<\/span><\/p>\n<p>Below you may listen to some examples of the audio that is included with this book:<\/p>\n<ul>\n<li><a href='https:\/\/greylarsen.com\/media\/lib\/samples\/essentialguide\/Figure-8-16.mp3' class='klaudio'>Figure 8-16. A version of the hornpipe &#8220;Bantry Bay&#8221; using cuts and a variety of strikes.\u00a0(Tin whistle)<\/a><\/li>\n<li><a href='https:\/\/greylarsen.com\/media\/lib\/samples\/essentialguide\/Figure-11-7..mp3' class='klaudio'>Figure 11-7. A setting of \u201cThe Sporting Pitchfork\u201d using short rolls on B, A, G, F-sharp, and E as well as long rolls on E and G. (Irish flute)<\/a><\/li>\n<li><a href='https:\/\/greylarsen.com\/media\/lib\/samples\/essentialguide\/Figure-15-4.mp3' class='klaudio'>Figure 15-4. A setting of the reel \u201cThe Skylark\u201d using long double-cut rolls on A, G, F-sharp and E. (Irish flute)<\/a><\/li>\n<li><a href='https:\/\/greylarsen.com\/media\/lib\/samples\/essentialguide\/Figure-16-6.mp3' class='klaudio'>Figure 16-6. A setting of the reel \u201cThe Trip to Durrow\u201d which makes use of long cranns on D and E. (Irish flute)<\/a><\/li>\n<li><a href='https:\/\/greylarsen.com\/media\/lib\/samples\/essentialguide\/Figure-19-11.mp3' class='klaudio'>Figure 19-11. Four melodic variants on the long G roll found in the first bar of the reel \u201cThe Shaskeen.\u201d (Irish flute)<\/a><\/li>\n<\/ul>\n<p>Here are four selections from the chapter, &#8220;49 Studies for Ornamentation Practice.&#8221;<\/p>\n<ul>\n<li><a href='https:\/\/greylarsen.com\/media\/lib\/samples\/essentialguide\/Study-4.mp3' class='klaudio'>Study 4. A variety of cuts on repeated notes in a jig. (Tin whistle)<br \/>\n<\/a><\/li>\n<li><a href='https:\/\/greylarsen.com\/media\/lib\/samples\/essentialguide\/Study-31.mp3' class='klaudio'>Study 31. Simple and added-finger slides in a jig. (Tin whistle)<br \/>\n<\/a><\/li>\n<li><a href='https:\/\/greylarsen.com\/media\/lib\/samples\/essentialguide\/Study-33.mp3' class='klaudio'>Study 33. In a jig, long rolls that begin on the pulse. (Irish flute)<br \/>\n<\/a><\/li>\n<li><a href='https:\/\/greylarsen.com\/media\/lib\/samples\/essentialguide\/Study-42.mp3' class='klaudio'>Study 42. Stepwise ascending short rolls in a jig. (Irish flute)<br \/>\n<\/a><\/li>\n<\/ul>\n<p>Read\u00a0more <a href=\"https:\/\/greylarsen.com\/press\/reviews\/books\/\" target=\"_blank\" rel=\"noopener noreferrer\">reviews<\/a>\u00a0of this book.<\/p>\n<p>&nbsp;<\/p>\n","protected":false},"excerpt":{"rendered":"<p><span style=\"color: #800000;\"><strong>By Grey Larsen. Physical book, 480 pages, plus 196 tracks of downloadable audio.\u00a0<\/strong>You may download the audio for free\u00a0<a href=\"http:\/\/www.melbay.com\/98214BCDEB\" target=\"_blank\" rel=\"noopener noreferrer\">here<\/a>.<\/span><\/p>\n<p>This is, by far, the most comprehensive work on Irish flute and tin whistle playing. Well over 12,000 copies have been sold.<\/p>\n<p>This book is also available in a\u00a0<a href=\"https:\/\/greylarsen.com\/shop\/product\/the-essential-book-bundle\/\" target=\"_blank\" rel=\"noopener noreferrer\">book bundle<\/a>\u00a0at a reduced cost.<\/p>\n<p>Upon request, the author\u00a0will autograph your book, at no extra charge.\u00a0Please specify your autograph wishes in the \u201cOrder Notes\u201d field during\u00a0checkout.<\/p>\n<p>This book has received <a href=\"https:\/\/greylarsen.com\/press\/reviews\/books\/\" target=\"_blank\" rel=\"noopener noreferrer\">many fine reviews<\/a>.<\/p>\n<p>Free excerpts of Grey Larsen&#8217;s books are available <a href=\"https:\/\/greylarsen.com\/excerpts\/\" target=\"_blank\" rel=\"noopener noreferrer\">here<\/a>.<\/p>\n<hr \/>\n<p><a href=\"http:\/\/www.melbay.com\/Products\/98214BCDEB\/essential-guide-to-irish-flute-and-tin-whistle.aspx?src=121715\" target=\"_blank\" rel=\"noopener noreferrer\">Purchase this title as an eBook<\/a>. This link will take you to a\u00a0Mel Bay Publications webpage. Your purchase of the eBook will be processed by Mel Bay Publications, not by this online store.\u00a0To continue shopping at <em>this<\/em> store, use your &#8220;back&#8221; button, or go to\u00a0www.greylarsen.com\/shop.<\/p>\n<p>We ship physical books from the US, and the cost of shipping to countries other than the US can be rather high. eBooks offer a more economical alternative. Also, in some countries Amazon will print a book-on-demand in your locality, with lower consequent shipping costs.<\/p>\n","protected":false},"featured_media":1976,"comment_status":"open","ping_status":"closed","template":"","meta":{"jetpack_post_was_ever_published":false,"jetpack_publicize_message":"","jetpack_publicize_feature_enabled":true,"jetpack_social_post_already_shared":false,"jetpack_social_options":{"image_generator_settings":{"template":"highway","default_image_id":0,"font":"","enabled":false},"version":2}},"product_brand":[],"product_cat":[19,134],"product_tag":[267,250,221,219,218,217,265,264],"class_list":{"0":"post-1975","1":"product","2":"type-product","3":"status-publish","4":"has-post-thumbnail","6":"product_cat-grey-larsen","7":"product_cat-books","8":"product_tag-celtic","9":"product_tag-flute","10":"product_tag-irish-flute","11":"product_tag-pennywhistle","12":"product_tag-tin-whistle","13":"product_tag-whistle","14":"product_tag-whistle-blower","15":"product_tag-whistleblower","16":"product_shipping_class-media","18":"first","19":"instock","20":"sale","21":"taxable","22":"shipping-taxable","23":"purchasable","24":"product-type-variable"},"jetpack_publicize_connections":[],"jetpack_sharing_enabled":true,"_links":{"self":[{"href":"https:\/\/greylarsen.com\/shop\/wp-json\/wp\/v2\/product\/1975","targetHints":{"allow":["GET"]}}],"collection":[{"href":"https:\/\/greylarsen.com\/shop\/wp-json\/wp\/v2\/product"}],"about":[{"href":"https:\/\/greylarsen.com\/shop\/wp-json\/wp\/v2\/types\/product"}],"replies":[{"embeddable":true,"href":"https:\/\/greylarsen.com\/shop\/wp-json\/wp\/v2\/comments?post=1975"}],"wp:featuredmedia":[{"embeddable":true,"href":"https:\/\/greylarsen.com\/shop\/wp-json\/wp\/v2\/media\/1976"}],"wp:attachment":[{"href":"https:\/\/greylarsen.com\/shop\/wp-json\/wp\/v2\/media?parent=1975"}],"wp:term":[{"taxonomy":"product_brand","embeddable":true,"href":"https:\/\/greylarsen.com\/shop\/wp-json\/wp\/v2\/product_brand?post=1975"},{"taxonomy":"product_cat","embeddable":true,"href":"https:\/\/greylarsen.com\/shop\/wp-json\/wp\/v2\/product_cat?post=1975"},{"taxonomy":"product_tag","embeddable":true,"href":"https:\/\/greylarsen.com\/shop\/wp-json\/wp\/v2\/product_tag?post=1975"}],"curies":[{"name":"wp","href":"https:\/\/api.w.org\/{rel}","templated":true}]}}