{"id":2646,"date":"2017-04-23T12:04:50","date_gmt":"2017-04-23T16:04:50","guid":{"rendered":"https:\/\/greylarsen.com\/shop\/?post_type=product&#038;p=2646"},"modified":"2022-04-24T12:05:41","modified_gmt":"2022-04-24T16:05:41","slug":"a-pack-of-lies-les-menteries-cedulies-reel-reel-a-cedulie","status":"publish","type":"product","link":"https:\/\/greylarsen.com\/shop\/product\/a-pack-of-lies-les-menteries-cedulies-reel-reel-a-cedulie\/","title":{"rendered":"A Pack of Lies (Les Menteries)\/ C\u00e9dulie&#8217;s Reel (Reel \u00c0 C\u00e9dulie) &#8211; Song Download"},"content":{"rendered":"","protected":false},"excerpt":{"rendered":"<p><span style=\"color: #800000;\"><strong>MP3 Download<\/strong><\/span><\/p>\n<p>Both the song and the tune are traditional Qu\u00e9becois.<\/p>\n<p>Grey: Irish flute; Andr\u00e9:\u00a0guitar, foot percussion, vocal<\/p>\n[klaudio mp3=\"orangetree\/Pack-of-Lies-Cedulies-Reel.mp3\"]A Pack of Lies (Les Menteries)\/ C\u00e9dulie&#8217;s Reel (Reel \u00c0 C\u00e9dulie)[\/klaudio]\n","protected":false},"featured_media":3328,"comment_status":"open","ping_status":"closed","template":"","meta":{"jetpack_post_was_ever_published":false,"jetpack_publicize_message":"","jetpack_publicize_feature_enabled":true,"jetpack_social_post_already_shared":false,"jetpack_social_options":{"image_generator_settings":{"template":"highway","default_image_id":0,"font":"","enabled":false},"version":2}},"product_brand":[],"product_cat":[46],"product_tag":[],"class_list":{"0":"post-2646","1":"product","2":"type-product","3":"status-publish","4":"has-post-thumbnail","6":"product_cat-grey-larsen-andre-marchand","8":"first","9":"instock","10":"downloadable","11":"virtual","12":"taxable","13":"purchasable","14":"product-type-simple"},"jetpack_publicize_connections":[],"jetpack_sharing_enabled":true,"_links":{"self":[{"href":"https:\/\/greylarsen.com\/shop\/wp-json\/wp\/v2\/product\/2646","targetHints":{"allow":["GET"]}}],"collection":[{"href":"https:\/\/greylarsen.com\/shop\/wp-json\/wp\/v2\/product"}],"about":[{"href":"https:\/\/greylarsen.com\/shop\/wp-json\/wp\/v2\/types\/product"}],"replies":[{"embeddable":true,"href":"https:\/\/greylarsen.com\/shop\/wp-json\/wp\/v2\/comments?post=2646"}],"wp:featuredmedia":[{"embeddable":true,"href":"https:\/\/greylarsen.com\/shop\/wp-json\/wp\/v2\/media\/3328"}],"wp:attachment":[{"href":"https:\/\/greylarsen.com\/shop\/wp-json\/wp\/v2\/media?parent=2646"}],"wp:term":[{"taxonomy":"product_brand","embeddable":true,"href":"https:\/\/greylarsen.com\/shop\/wp-json\/wp\/v2\/product_brand?post=2646"},{"taxonomy":"product_cat","embeddable":true,"href":"https:\/\/greylarsen.com\/shop\/wp-json\/wp\/v2\/product_cat?post=2646"},{"taxonomy":"product_tag","embeddable":true,"href":"https:\/\/greylarsen.com\/shop\/wp-json\/wp\/v2\/product_tag?post=2646"}],"curies":[{"name":"wp","href":"https:\/\/api.w.org\/{rel}","templated":true}]}}