{"id":2661,"date":"2017-04-23T14:38:34","date_gmt":"2017-04-23T18:38:34","guid":{"rendered":"https:\/\/greylarsen.com\/shop\/?post_type=product&#038;p=2661"},"modified":"2022-04-24T12:05:12","modified_gmt":"2022-04-24T16:05:12","slug":"le-rossignol-detemy-mind-will-never-be-easy","status":"publish","type":"product","link":"https:\/\/greylarsen.com\/shop\/product\/le-rossignol-detemy-mind-will-never-be-easy\/","title":{"rendered":"Le Rossignol d&#8217;\u00c9t\u00e9\/My Mind Will Never Be Easy &#8211; Song Download"},"content":{"rendered":"","protected":false},"excerpt":{"rendered":"<p><span style=\"color: #800000;\"><strong>MP3 Download.<\/strong><\/span><\/p>\n<p>This song comes from the vast repertoire of Madame Marie-Rose Cloutier of St-Jules de Beauce in Qu\u00e9bec. Andr\u00e9 learned it from a recording that his friend, Michel Faubert, left on Andr\u00e9\u2019s telephone answering machine &#8211; a fine example of modern oral transmission.<\/p>\n<p><i>My Mind Will Never Be Easy<\/i> is an Irish slip jig with a haunting, unresolving melody. It also goes by the names <i>Happy to Meet and Sorry to Part, I Lead Such a Troublesome Life <\/i>and <i>The Whistling Thief. <\/i>We play the tune in F, but it is more commonly played in G or C.<\/p>\n[klaudio mp3=\"lesmarionnettes\/Le-Rossignol-dEte-My-Mind-Will-Never-Be-Easy.mp3\"]Le Rossignol d&#8217;\u00c9t\u00e9\/My Mind Will Never Be Easy[\/klaudio]\n","protected":false},"featured_media":3326,"comment_status":"open","ping_status":"closed","template":"","meta":{"jetpack_post_was_ever_published":false,"jetpack_publicize_message":"","jetpack_publicize_feature_enabled":true,"jetpack_social_post_already_shared":false,"jetpack_social_options":{"image_generator_settings":{"template":"highway","default_image_id":0,"font":"","enabled":false},"version":2}},"product_brand":[],"product_cat":[46],"product_tag":[],"class_list":{"0":"post-2661","1":"product","2":"type-product","3":"status-publish","4":"has-post-thumbnail","6":"product_cat-grey-larsen-andre-marchand","7":"product_shipping_class-media","9":"first","10":"instock","11":"downloadable","12":"virtual","13":"taxable","14":"purchasable","15":"product-type-simple"},"jetpack_publicize_connections":[],"jetpack_sharing_enabled":true,"_links":{"self":[{"href":"https:\/\/greylarsen.com\/shop\/wp-json\/wp\/v2\/product\/2661","targetHints":{"allow":["GET"]}}],"collection":[{"href":"https:\/\/greylarsen.com\/shop\/wp-json\/wp\/v2\/product"}],"about":[{"href":"https:\/\/greylarsen.com\/shop\/wp-json\/wp\/v2\/types\/product"}],"replies":[{"embeddable":true,"href":"https:\/\/greylarsen.com\/shop\/wp-json\/wp\/v2\/comments?post=2661"}],"wp:featuredmedia":[{"embeddable":true,"href":"https:\/\/greylarsen.com\/shop\/wp-json\/wp\/v2\/media\/3326"}],"wp:attachment":[{"href":"https:\/\/greylarsen.com\/shop\/wp-json\/wp\/v2\/media?parent=2661"}],"wp:term":[{"taxonomy":"product_brand","embeddable":true,"href":"https:\/\/greylarsen.com\/shop\/wp-json\/wp\/v2\/product_brand?post=2661"},{"taxonomy":"product_cat","embeddable":true,"href":"https:\/\/greylarsen.com\/shop\/wp-json\/wp\/v2\/product_cat?post=2661"},{"taxonomy":"product_tag","embeddable":true,"href":"https:\/\/greylarsen.com\/shop\/wp-json\/wp\/v2\/product_tag?post=2661"}],"curies":[{"name":"wp","href":"https:\/\/api.w.org\/{rel}","templated":true}]}}