{"id":2665,"date":"2017-04-23T14:49:16","date_gmt":"2017-04-23T18:49:16","guid":{"rendered":"https:\/\/greylarsen.com\/shop\/?post_type=product&#038;p=2665"},"modified":"2022-04-24T12:04:40","modified_gmt":"2022-04-24T16:04:40","slug":"ma-mere-donnez-moi-z-un-mari-le-poele-a-fourneauthe-killavil-schottische","status":"publish","type":"product","link":"https:\/\/greylarsen.com\/shop\/product\/ma-mere-donnez-moi-z-un-mari-le-poele-a-fourneauthe-killavil-schottische\/","title":{"rendered":"Ma M\u00e8re, Donnez-moi z-un Mari (Le Po\u00e8le \u00e0 Fourneau)\/The Killavil Schottische &#8211; Song Download"},"content":{"rendered":"","protected":false},"excerpt":{"rendered":"<p><span style=\"color: #800000;\"><strong>MP3 Download.<\/strong><\/span><\/p>\n<p>Andr\u00e9 learned this little pearl of a song, once again, from a phone message from Michel Faubert. Michel had learned the song from the late Monsieur Alphonse Morneau, from Baie des Rochers in Qu\u00e9bec. The song is also known as <i>Le Po\u00eale \u00e0 Fourneau<\/i> (The Oven Rack).<\/p>\n<p><em>The Killavil Schottische<\/em>\u00a0is a tune from <a href=\"http:\/\/greylarsen.com\/resources\/mjk\/\" target=\"_blank\" rel=\"noopener noreferrer\">Michael J. Kennedy<\/a>. Schottisches are rarely played by Irish musicians today, but there were quite a few of them in Kennedy\u2019s older repertoire. Today Irish musicians usually play this tune as a reel.<\/p>\n[klaudio mp3=\"lesmarionnettes\/Ma-Mere-Donner-moi-z-un-Mari-The-Killavil-Schottische.mp3\"]Ma M\u00e8re, Donnez-moi z-un Mari (Le Po\u00e8le \u00e0 Fourneau)\/The Killavil Schottische[\/klaudio]\n","protected":false},"featured_media":3326,"comment_status":"open","ping_status":"closed","template":"","meta":{"jetpack_post_was_ever_published":false,"jetpack_publicize_message":"","jetpack_publicize_feature_enabled":true,"jetpack_social_post_already_shared":false,"jetpack_social_options":{"image_generator_settings":{"template":"highway","default_image_id":0,"font":"","enabled":false},"version":2}},"product_brand":[],"product_cat":[46],"product_tag":[],"class_list":{"0":"post-2665","1":"product","2":"type-product","3":"status-publish","4":"has-post-thumbnail","6":"product_cat-grey-larsen-andre-marchand","7":"product_shipping_class-media","9":"first","10":"instock","11":"downloadable","12":"virtual","13":"taxable","14":"purchasable","15":"product-type-simple"},"jetpack_publicize_connections":[],"jetpack_sharing_enabled":true,"_links":{"self":[{"href":"https:\/\/greylarsen.com\/shop\/wp-json\/wp\/v2\/product\/2665","targetHints":{"allow":["GET"]}}],"collection":[{"href":"https:\/\/greylarsen.com\/shop\/wp-json\/wp\/v2\/product"}],"about":[{"href":"https:\/\/greylarsen.com\/shop\/wp-json\/wp\/v2\/types\/product"}],"replies":[{"embeddable":true,"href":"https:\/\/greylarsen.com\/shop\/wp-json\/wp\/v2\/comments?post=2665"}],"wp:featuredmedia":[{"embeddable":true,"href":"https:\/\/greylarsen.com\/shop\/wp-json\/wp\/v2\/media\/3326"}],"wp:attachment":[{"href":"https:\/\/greylarsen.com\/shop\/wp-json\/wp\/v2\/media?parent=2665"}],"wp:term":[{"taxonomy":"product_brand","embeddable":true,"href":"https:\/\/greylarsen.com\/shop\/wp-json\/wp\/v2\/product_brand?post=2665"},{"taxonomy":"product_cat","embeddable":true,"href":"https:\/\/greylarsen.com\/shop\/wp-json\/wp\/v2\/product_cat?post=2665"},{"taxonomy":"product_tag","embeddable":true,"href":"https:\/\/greylarsen.com\/shop\/wp-json\/wp\/v2\/product_tag?post=2665"}],"curies":[{"name":"wp","href":"https:\/\/api.w.org\/{rel}","templated":true}]}}