{"id":2688,"date":"2017-04-24T10:26:16","date_gmt":"2017-04-24T14:26:16","guid":{"rendered":"https:\/\/greylarsen.com\/shop\/?post_type=product&#038;p=2688"},"modified":"2022-04-24T12:03:38","modified_gmt":"2022-04-24T16:03:38","slug":"the-thrush-in-the-strawthe-banks-of-lough-gowna","status":"publish","type":"product","link":"https:\/\/greylarsen.com\/shop\/product\/the-thrush-in-the-strawthe-banks-of-lough-gowna\/","title":{"rendered":"The Thrush in the Straw\/The Banks of Lough Gowna &#8211; Song Download"},"content":{"rendered":"","protected":false},"excerpt":{"rendered":"<p><span style=\"color: #800000;\"><strong>MP3 Download<\/strong><\/span><\/p>\n<p>&#8220;The Thrush in the Straw&#8221; comes from the whistle playing of piper, singer, and storyteller S\u00e9amus Ennis (1919-1982), who hailed from Jamestown, Finglas, County Dublin. Ennis traveled the length and breadth of Ireland on a bicycle, collecting songs, tunes, and folklore from the people of the country. So prodigious were his efforts that he was known in Conamara as S\u00e9amus Mh\u00edle Amhr\u00e1in, or \u201cS\u00e9amus of a Thousand Songs.\u201d<\/p>\n<p>Lough Gowna, which means \u201cLake of the Calves\u201d in Irish, is located in County Cavan, and the tune that bears its name is from the repertoire of legendary Clare piper Willie Clancy (1918-1973).<\/p>\n<p>Grey: anglo concertina and harmonium; Paddy: guitar<\/p>\n[klaudio mp3=\"greenhouse\/Thrush-in-the-Straw-Banks-of-Lough-Gowna.mp3\"]The Thrush in the Straw\/The Banks of Lough Gowna[\/klaudio]\n","protected":false},"featured_media":3332,"comment_status":"open","ping_status":"closed","template":"","meta":{"jetpack_post_was_ever_published":false,"jetpack_publicize_message":"","jetpack_publicize_feature_enabled":true,"jetpack_social_post_already_shared":false,"jetpack_social_options":{"image_generator_settings":{"template":"highway","default_image_id":0,"font":"","enabled":false},"version":2}},"product_brand":[],"product_cat":[47],"product_tag":[],"class_list":{"0":"post-2688","1":"product","2":"type-product","3":"status-publish","4":"has-post-thumbnail","6":"product_cat-grey-larsen-paddy-league-song-downloads","7":"product_shipping_class-media","9":"first","10":"instock","11":"downloadable","12":"virtual","13":"taxable","14":"purchasable","15":"product-type-simple"},"jetpack_publicize_connections":[],"jetpack_sharing_enabled":true,"_links":{"self":[{"href":"https:\/\/greylarsen.com\/shop\/wp-json\/wp\/v2\/product\/2688","targetHints":{"allow":["GET"]}}],"collection":[{"href":"https:\/\/greylarsen.com\/shop\/wp-json\/wp\/v2\/product"}],"about":[{"href":"https:\/\/greylarsen.com\/shop\/wp-json\/wp\/v2\/types\/product"}],"replies":[{"embeddable":true,"href":"https:\/\/greylarsen.com\/shop\/wp-json\/wp\/v2\/comments?post=2688"}],"wp:featuredmedia":[{"embeddable":true,"href":"https:\/\/greylarsen.com\/shop\/wp-json\/wp\/v2\/media\/3332"}],"wp:attachment":[{"href":"https:\/\/greylarsen.com\/shop\/wp-json\/wp\/v2\/media?parent=2688"}],"wp:term":[{"taxonomy":"product_brand","embeddable":true,"href":"https:\/\/greylarsen.com\/shop\/wp-json\/wp\/v2\/product_brand?post=2688"},{"taxonomy":"product_cat","embeddable":true,"href":"https:\/\/greylarsen.com\/shop\/wp-json\/wp\/v2\/product_cat?post=2688"},{"taxonomy":"product_tag","embeddable":true,"href":"https:\/\/greylarsen.com\/shop\/wp-json\/wp\/v2\/product_tag?post=2688"}],"curies":[{"name":"wp","href":"https:\/\/api.w.org\/{rel}","templated":true}]}}