{"id":2691,"date":"2017-04-24T10:37:54","date_gmt":"2017-04-24T14:37:54","guid":{"rendered":"https:\/\/greylarsen.com\/shop\/?post_type=product&#038;p=2691"},"modified":"2022-04-24T12:03:08","modified_gmt":"2022-04-24T16:03:08","slug":"lord-mayoan-cuisin-ban-the-white-cushion","status":"publish","type":"product","link":"https:\/\/greylarsen.com\/shop\/product\/lord-mayoan-cuisin-ban-the-white-cushion\/","title":{"rendered":"Lord Mayo\/An C\u00fais\u00edn B\u00e1n (The White Cushion) &#8211; Song Download"},"content":{"rendered":"","protected":false},"excerpt":{"rendered":"<p><span style=\"color: #800000;\"><strong>MP3 Download<\/strong><\/span><\/p>\n<p>The eighteenth-century harper D\u00e1ith\u00ed \u00d3 Murchadha composed &#8220;Lord Mayo&#8221; in honor of his wealthy patron. \u00d3 Murchadha, a contemporary and rival of the more famous harper Turlough O\u2019Carolan, was a fine player and is said to have performed for Louis XIV. Grey learned this tune from County Sligo flute player Tom Byrne and County Leitrim fiddler Tom McCaffrey.<\/p>\n<p>Paddy learned the set dance &#8220;An C\u00fais\u00edn B\u00e1n&#8221; (also known as &#8220;An S\u00fais\u00edn B\u00e1n,&#8221; or \u201cThe White Blanket\u201d) from Clare concertina player and scholar Gear\u00f3id \u00d3 hAllmhur\u00e1in, who tells us that it was a popular tune among an older generation of Clare musicians. The tune was first recorded by the Castle C\u00e9il\u00ed Band of County Clare.<\/p>\n<p>Grey: Irish flute; Paddy:\u00a0guitar<\/p>\n[klaudio mp3=\"greenhouse\/Lord-Mayo-An-Cuisin-Ban.mp3\"]Lord Mayo\/An C\u00fais\u00edn B\u00e1n (The White Cushion)[\/klaudio]\n","protected":false},"featured_media":3332,"comment_status":"open","ping_status":"closed","template":"","meta":{"jetpack_post_was_ever_published":false,"jetpack_publicize_message":"","jetpack_publicize_feature_enabled":true,"jetpack_social_post_already_shared":false,"jetpack_social_options":{"image_generator_settings":{"template":"highway","default_image_id":0,"font":"","enabled":false},"version":2}},"product_brand":[],"product_cat":[47],"product_tag":[],"class_list":{"0":"post-2691","1":"product","2":"type-product","3":"status-publish","4":"has-post-thumbnail","6":"product_cat-grey-larsen-paddy-league-song-downloads","7":"product_shipping_class-media","9":"first","10":"instock","11":"downloadable","12":"virtual","13":"taxable","14":"purchasable","15":"product-type-simple"},"jetpack_publicize_connections":[],"jetpack_sharing_enabled":true,"_links":{"self":[{"href":"https:\/\/greylarsen.com\/shop\/wp-json\/wp\/v2\/product\/2691","targetHints":{"allow":["GET"]}}],"collection":[{"href":"https:\/\/greylarsen.com\/shop\/wp-json\/wp\/v2\/product"}],"about":[{"href":"https:\/\/greylarsen.com\/shop\/wp-json\/wp\/v2\/types\/product"}],"replies":[{"embeddable":true,"href":"https:\/\/greylarsen.com\/shop\/wp-json\/wp\/v2\/comments?post=2691"}],"wp:featuredmedia":[{"embeddable":true,"href":"https:\/\/greylarsen.com\/shop\/wp-json\/wp\/v2\/media\/3332"}],"wp:attachment":[{"href":"https:\/\/greylarsen.com\/shop\/wp-json\/wp\/v2\/media?parent=2691"}],"wp:term":[{"taxonomy":"product_brand","embeddable":true,"href":"https:\/\/greylarsen.com\/shop\/wp-json\/wp\/v2\/product_brand?post=2691"},{"taxonomy":"product_cat","embeddable":true,"href":"https:\/\/greylarsen.com\/shop\/wp-json\/wp\/v2\/product_cat?post=2691"},{"taxonomy":"product_tag","embeddable":true,"href":"https:\/\/greylarsen.com\/shop\/wp-json\/wp\/v2\/product_tag?post=2691"}],"curies":[{"name":"wp","href":"https:\/\/api.w.org\/{rel}","templated":true}]}}