{"id":2722,"date":"2017-04-24T14:05:41","date_gmt":"2017-04-24T18:05:41","guid":{"rendered":"https:\/\/greylarsen.com\/shop\/?post_type=product&#038;p=2722"},"modified":"2022-04-24T12:00:12","modified_gmt":"2022-04-24T16:00:12","slug":"sliabh-geal-gcua-na-feile-bright-beautiful-mt-cua","status":"publish","type":"product","link":"https:\/\/greylarsen.com\/shop\/product\/sliabh-geal-gcua-na-feile-bright-beautiful-mt-cua\/","title":{"rendered":"Sliabh Geal gCua na Feile (Bright Beautiful Mt. Cua)\/The Drunken Gauger &#8211; Song Download"},"content":{"rendered":"","protected":false},"excerpt":{"rendered":"<p><span style=\"color: #800000;\"><strong>MP3 Download<\/strong><\/span><\/p>\n<p>The first tune is the melody of a song composed in 1890 by P\u00e1draig \u00d3 M\u00e1ille. The lyrics tell of the immigrant&#8217;s loneliness, homesickness and despair. &#8220;The Drunken Gauger,&#8221; on the other hand, is an old set dance from West Clare which celebrates a (sadly) defunct profession involving pub-hopping government employees. The tune is associated with two late legendary West Clare fiddlers &#8211; Bobby Casey and Junior Crehan.<\/p>\n<p>Grey: harmonium; Paddy:\u00a0anglo concertina<\/p>\n[klaudio mp3=\"darkofthemoon\/Sliabh-Geal-gCua-na-Feile-The-Drunken-Gauger.mp3\"]Sliabh Geal gCua na Feile (Bright Beautiful Mt. Cua)\/The Drunken Gauger[\/klaudio]\n","protected":false},"featured_media":3331,"comment_status":"open","ping_status":"closed","template":"","meta":{"jetpack_post_was_ever_published":false,"jetpack_publicize_message":"","jetpack_publicize_feature_enabled":true,"jetpack_social_post_already_shared":false,"jetpack_social_options":{"image_generator_settings":{"template":"highway","default_image_id":0,"font":"","enabled":false},"version":2}},"product_brand":[],"product_cat":[47],"product_tag":[],"class_list":{"0":"post-2722","1":"product","2":"type-product","3":"status-publish","4":"has-post-thumbnail","6":"product_cat-grey-larsen-paddy-league-song-downloads","7":"product_shipping_class-media","9":"first","10":"instock","11":"downloadable","12":"virtual","13":"taxable","14":"purchasable","15":"product-type-simple"},"jetpack_publicize_connections":[],"jetpack_sharing_enabled":true,"_links":{"self":[{"href":"https:\/\/greylarsen.com\/shop\/wp-json\/wp\/v2\/product\/2722","targetHints":{"allow":["GET"]}}],"collection":[{"href":"https:\/\/greylarsen.com\/shop\/wp-json\/wp\/v2\/product"}],"about":[{"href":"https:\/\/greylarsen.com\/shop\/wp-json\/wp\/v2\/types\/product"}],"replies":[{"embeddable":true,"href":"https:\/\/greylarsen.com\/shop\/wp-json\/wp\/v2\/comments?post=2722"}],"wp:featuredmedia":[{"embeddable":true,"href":"https:\/\/greylarsen.com\/shop\/wp-json\/wp\/v2\/media\/3331"}],"wp:attachment":[{"href":"https:\/\/greylarsen.com\/shop\/wp-json\/wp\/v2\/media?parent=2722"}],"wp:term":[{"taxonomy":"product_brand","embeddable":true,"href":"https:\/\/greylarsen.com\/shop\/wp-json\/wp\/v2\/product_brand?post=2722"},{"taxonomy":"product_cat","embeddable":true,"href":"https:\/\/greylarsen.com\/shop\/wp-json\/wp\/v2\/product_cat?post=2722"},{"taxonomy":"product_tag","embeddable":true,"href":"https:\/\/greylarsen.com\/shop\/wp-json\/wp\/v2\/product_tag?post=2722"}],"curies":[{"name":"wp","href":"https:\/\/api.w.org\/{rel}","templated":true}]}}