{"id":4089,"date":"2018-02-11T08:58:10","date_gmt":"2018-02-11T13:58:10","guid":{"rendered":"https:\/\/greylarsen.com\/shop\/?post_type=product&#038;p=4089"},"modified":"2025-04-15T08:51:42","modified_gmt":"2025-04-15T12:51:42","slug":"the-orange-tree-cds","status":"publish","type":"product","link":"https:\/\/greylarsen.com\/shop\/product\/the-orange-tree-cds\/","title":{"rendered":"The Orange Tree  &#8211; CDs"},"content":{"rendered":"<p><a href='https:\/\/greylarsen.com\/media\/lib\/samples\/orangetree\/Acadian-Mouth-Music-Horses-Geese-and-One-Old-Man.mp3' class='klaudio'>1. Acadian Mouth Music\/Horses, Geese and One Old Man<\/a> &#8211; <a href=\"https:\/\/greylarsen.com\/shop\/product\/acadian-mouth-musichorses-geese-and-one-old-manacadian-mouth-music\/\" target=\"_blank\" rel=\"noopener noreferrer\"><span style=\"color: #808000;\">Buy song<\/span><\/a><br \/>\n<a href='https:\/\/greylarsen.com\/media\/lib\/samples\/orangetree\/Mornings-at-Bonny-Doon-Palm-Sunday.mp3' class='klaudio'>2. Mornings at Bonny Doon\/Palm Sunday<\/a> &#8211; <a href=\"https:\/\/greylarsen.com\/shop\/product\/mornings-at-bonny-doonpalm-sunday\/\" target=\"_blank\" rel=\"noopener noreferrer\"><span style=\"color: #808000;\">Buy song<\/span><\/a><br \/>\n<a href='https:\/\/greylarsen.com\/media\/lib\/samples\/orangetree\/Who-Will-Help-Me-through-the-Woods.mp3' class='klaudio'>3. Who Will Help Me Through the Woods (Qui Me Passera le Bois)<\/a> &#8211; <span style=\"color: #808000;\"><a style=\"color: #808000;\" href=\"https:\/\/greylarsen.com\/shop\/product\/who-will-help-me-through-the-woods-qui-me-passera-le-bois\/\" target=\"_blank\" rel=\"noopener noreferrer\">Buy song<\/a><\/span><br \/>\n<a href='https:\/\/greylarsen.com\/media\/lib\/samples\/orangetree\/Brandy-from-Kedgwick.mp3' class='klaudio'>4. Brandy from Kedgwick<\/a> &#8211; <a href=\"https:\/\/greylarsen.com\/shop\/product\/brandy-from-kedgwick\/\" target=\"_blank\" rel=\"noopener noreferrer\"><span style=\"color: #808000;\">Buy song<\/span><\/a><br \/>\n<a href='https:\/\/greylarsen.com\/media\/lib\/samples\/orangetree\/Orange-Tree.mp3' class='klaudio'>5. The Orange Tree (L&#8217;Oranger)<\/a> &#8211; <a href=\"https:\/\/greylarsen.com\/shop\/product\/the-orange-tree-loranger\/\" target=\"_blank\" rel=\"noopener noreferrer\"><span style=\"color: #808000;\">Buy song<\/span><\/a><br \/>\n<a href='https:\/\/greylarsen.com\/media\/lib\/samples\/orangetree\/Waltz-of-Time-Passing-Plum-Creek.mp3' class='klaudio'>6. The Waltz of Time Passing (La Valse du Temps Qui Va)\/Plum Creek<\/a> &#8211; <a href=\"https:\/\/greylarsen.com\/shop\/product\/the-waltz-of-time-passing-la-valse-du-temps-qui-vaplum-creek\/\" target=\"_blank\" rel=\"noopener noreferrer\"><span style=\"color: #808000;\">Buy song<\/span><\/a><br \/>\n<a href='https:\/\/greylarsen.com\/media\/lib\/samples\/orangetree\/Road-to-Cashel-Bunch-of-Green-Rushes-Queen-of-May.mp3' class='klaudio'>7. The Road to Cashel\/The Bunch of Green Rushes\/The Queen of May<\/a> &#8211; <a href=\"https:\/\/greylarsen.com\/shop\/product\/the-road-to-cashelthe-bunch-of-green-rushesthe-queen-of-may\/\" target=\"_blank\" rel=\"noopener noreferrer\"><span style=\"color: #808000;\">Buy song<\/span><\/a><br \/>\n<a href='https:\/\/greylarsen.com\/media\/lib\/samples\/orangetree\/Wife-of-a-Drunken-Soldier.mp3' class='klaudio'>8. The Wife of a Drunken Soldier (L&#8217;Ivrogne Pilier du Cabaret)<\/a> &#8211; <a href=\"https:\/\/greylarsen.com\/shop\/product\/the-wife-of-a-drunken-soldier-livrogne-pilier-du-cabaret\/\" target=\"_blank\" rel=\"noopener noreferrer\"><span style=\"color: #808000;\">Buy song<\/span><\/a><br \/>\n<a href='https:\/\/greylarsen.com\/media\/lib\/samples\/orangetree\/First-Snow.mp3' class='klaudio'>9. First Snow<\/a> &#8211; <span style=\"color: #808000;\"><a style=\"color: #808000;\" href=\"https:\/\/greylarsen.com\/shop\/product\/first-snow\/\" target=\"_blank\" rel=\"noopener noreferrer\">Buy song<\/a><\/span><br \/>\n<a href='https:\/\/greylarsen.com\/media\/lib\/samples\/orangetree\/Pack-of-Lies-Cedulies-Reel.mp3' class='klaudio'>10. A Pack of Lies (Les Menteries)\/ C\u00e9dulie&#8217;s Reel (Reel \u00c0 C\u00e9dulie)<\/a> &#8211; <a href=\"https:\/\/greylarsen.com\/shop\/product\/a-pack-of-lies-les-menteries-cedulies-reel-reel-a-cedulie\/\" target=\"_blank\" rel=\"noopener noreferrer\"><span style=\"color: #808000;\">Buy song<\/span><\/a><\/p>\n<p><span style=\"color: #000080;\">An underground classic from 1993. A highly innovative and original\u00a0integration of traditional Irish and French Canadian music, with traditional tunes and songs\u00a0and several original pieces by both artists. This recording is still beloved and highly influential in Qu\u00e9bec today, as is its sequel,\u00a0<em>Les\u00a0Marionettes<\/em>.\u00a0<span style=\"color: #333399;\">Both recordings are available as\u00a0a <a href=\"https:\/\/greylarsen.com\/shop\/?post_type=product&amp;p=3296\" target=\"_blank\" rel=\"noopener noreferrer\">discounted bundle<\/a>.<\/span><\/span><\/p>\n<p><span style=\"color: #000080;\">Irish flute, tin whistle, concertina, guitar, foot percussion, fiddle, piano, field organ, harmonium, and vocals in French.<\/span><\/p>\n","protected":false},"excerpt":{"rendered":"<h3><span style=\"color: #800000;\"><strong>Choose physical or digital CDs<\/strong><\/span><\/h3>\n<h3><span style=\"color: #800000;\"><strong>Song downloads and album description below<\/strong><\/span><\/h3>\n","protected":false},"featured_media":2445,"comment_status":"open","ping_status":"closed","template":"","meta":{"jetpack_post_was_ever_published":false,"jetpack_publicize_message":"","jetpack_publicize_feature_enabled":true,"jetpack_social_post_already_shared":true,"jetpack_social_options":{"image_generator_settings":{"template":"highway","default_image_id":0,"font":"","enabled":false},"version":2}},"product_brand":[],"product_cat":[29],"product_tag":[],"class_list":{"0":"post-4089","1":"product","2":"type-product","3":"status-publish","4":"has-post-thumbnail","6":"product_cat-grey-larsen-with-andre-marchand","7":"product_shipping_class-media","9":"first","10":"instock","11":"taxable","12":"shipping-taxable","13":"purchasable","14":"product-type-variable"},"jetpack_publicize_connections":[],"jetpack_sharing_enabled":true,"_links":{"self":[{"href":"https:\/\/greylarsen.com\/shop\/wp-json\/wp\/v2\/product\/4089","targetHints":{"allow":["GET"]}}],"collection":[{"href":"https:\/\/greylarsen.com\/shop\/wp-json\/wp\/v2\/product"}],"about":[{"href":"https:\/\/greylarsen.com\/shop\/wp-json\/wp\/v2\/types\/product"}],"replies":[{"embeddable":true,"href":"https:\/\/greylarsen.com\/shop\/wp-json\/wp\/v2\/comments?post=4089"}],"wp:featuredmedia":[{"embeddable":true,"href":"https:\/\/greylarsen.com\/shop\/wp-json\/wp\/v2\/media\/2445"}],"wp:attachment":[{"href":"https:\/\/greylarsen.com\/shop\/wp-json\/wp\/v2\/media?parent=4089"}],"wp:term":[{"taxonomy":"product_brand","embeddable":true,"href":"https:\/\/greylarsen.com\/shop\/wp-json\/wp\/v2\/product_brand?post=4089"},{"taxonomy":"product_cat","embeddable":true,"href":"https:\/\/greylarsen.com\/shop\/wp-json\/wp\/v2\/product_cat?post=4089"},{"taxonomy":"product_tag","embeddable":true,"href":"https:\/\/greylarsen.com\/shop\/wp-json\/wp\/v2\/product_tag?post=4089"}],"curies":[{"name":"wp","href":"https:\/\/api.w.org\/{rel}","templated":true}]}}